{"id":2456,"date":"2022-12-01T17:34:18","date_gmt":"2022-12-01T15:34:18","guid":{"rendered":"https:\/\/www.lehrcare.de\/?page_id=2456"},"modified":"2025-12-17T16:29:53","modified_gmt":"2025-12-17T15:29:53","slug":"partners","status":"publish","type":"page","link":"https:\/\/www.lehrcare.de\/en\/partners\/","title":{"rendered":"Partners"},"content":{"rendered":"<div data-elementor-type=\"wp-page\" data-elementor-id=\"2456\" class=\"elementor elementor-2456\" data-elementor-post-type=\"page\">\n\t\t\t\t\t\t<section class=\"elementor-section elementor-top-section elementor-element elementor-element-5e501d5c elementor-section-full_width elementor-section-height-default elementor-section-height-default\" data-id=\"5e501d5c\" data-element_type=\"section\" data-settings=\"{&quot;background_background&quot;:&quot;classic&quot;}\">\n\t\t\t\t\t\t<div class=\"elementor-container elementor-column-gap-default\">\n\t\t\t\t\t<div class=\"elementor-column elementor-col-100 elementor-top-column elementor-element elementor-element-4e9fa3f\" data-id=\"4e9fa3f\" data-element_type=\"column\">\n\t\t\t<div class=\"elementor-widget-wrap elementor-element-populated\">\n\t\t\t\t\t\t<section class=\"elementor-section elementor-inner-section elementor-element elementor-element-5612ff3c elementor-section-boxed elementor-section-height-default elementor-section-height-default\" data-id=\"5612ff3c\" data-element_type=\"section\">\n\t\t\t\t\t\t<div class=\"elementor-container elementor-column-gap-default\">\n\t\t\t\t\t<div class=\"elementor-column elementor-col-50 elementor-inner-column elementor-element elementor-element-513f5297\" data-id=\"513f5297\" data-element_type=\"column\">\n\t\t\t<div class=\"elementor-widget-wrap elementor-element-populated\">\n\t\t\t\t\t\t<div class=\"elementor-element elementor-element-153ddbc elementor-widget elementor-widget-heading\" data-id=\"153ddbc\" data-element_type=\"widget\" data-widget_type=\"heading.default\">\n\t\t\t\t<div class=\"elementor-widget-container\">\n\t\t\t\t\t<h1 class=\"elementor-heading-title elementor-size-default\">Our <br>Partners<\/h1>\t\t\t\t<\/div>\n\t\t\t\t<\/div>\n\t\t\t\t<div class=\"elementor-element elementor-element-53743a1d elementor-widget elementor-widget-heading\" data-id=\"53743a1d\" data-element_type=\"widget\" data-widget_type=\"heading.default\">\n\t\t\t\t<div class=\"elementor-widget-container\">\n\t\t\t\t\t<h2 class=\"elementor-heading-title elementor-size-default\">LehrCare has been successfully cooperating with various companies, associations and initiatives for years and is a member of several different organisations. \n\nAre you also interested in a joint venture? Then get in touch with us!<span style=\"color: var( --e-global-color-primary )\"><\/span><br><\/h2>\t\t\t\t<\/div>\n\t\t\t\t<\/div>\n\t\t\t\t<div class=\"elementor-element elementor-element-a6b6dda elementor-widget elementor-widget-button\" data-id=\"a6b6dda\" data-element_type=\"widget\" data-widget_type=\"button.default\">\n\t\t\t\t<div class=\"elementor-widget-container\">\n\t\t\t\t\t\t\t\t\t<div class=\"elementor-button-wrapper\">\n\t\t\t\t\t<a class=\"elementor-button elementor-button-link elementor-size-sm\" href=\"https:\/\/www.lehrcare.de\/en\/contact\/\">\n\t\t\t\t\t\t<span class=\"elementor-button-content-wrapper\">\n\t\t\t\t\t\t\t\t\t<span class=\"elementor-button-text\">Contact<\/span>\n\t\t\t\t\t<\/span>\n\t\t\t\t\t<\/a>\n\t\t\t\t<\/div>\n\t\t\t\t\t\t\t\t<\/div>\n\t\t\t\t<\/div>\n\t\t\t\t\t<\/div>\n\t\t<\/div>\n\t\t\t\t<div class=\"elementor-column elementor-col-50 elementor-inner-column elementor-element elementor-element-64c52693\" data-id=\"64c52693\" data-element_type=\"column\">\n\t\t\t<div class=\"elementor-widget-wrap\">\n\t\t\t\t\t\t\t<\/div>\n\t\t<\/div>\n\t\t\t\t\t<\/div>\n\t\t<\/section>\n\t\t\t\t\t<\/div>\n\t\t<\/div>\n\t\t\t\t\t<\/div>\n\t\t<\/section>\n\t\t\t\t<section class=\"elementor-section elementor-top-section elementor-element elementor-element-4eec635 elementor-section-boxed elementor-section-height-default elementor-section-height-default\" data-id=\"4eec635\" data-element_type=\"section\">\n\t\t\t\t\t\t<div class=\"elementor-container elementor-column-gap-default\">\n\t\t\t\t\t<div class=\"elementor-column elementor-col-100 elementor-top-column elementor-element elementor-element-4021ecb\" data-id=\"4021ecb\" data-element_type=\"column\">\n\t\t\t<div class=\"elementor-widget-wrap elementor-element-populated\">\n\t\t\t\t\t\t<div class=\"elementor-element elementor-element-d15b97b elementor-widget elementor-widget-html\" data-id=\"d15b97b\" data-element_type=\"widget\" data-widget_type=\"html.default\">\n\t\t\t\t<div class=\"elementor-widget-container\">\n\t\t\t\t\t<!-- Add Server -->\n\t\t\t\t<div id=\"vertical-skyscraper-banner\">\n\t\t\t\t\t<!-- Revive Adserver Asynchronous JS Tag - Generated with Revive Adserver v5.0.5 -->\n\t\t\t\t\t<ins data-revive-zoneid=\"5\" data-revive-id=\"6814ab1a482e4d8def7b6366c4db2aae\"><\/ins>\n\t\t\t\t\t<script async src=\"https:\/\/banner.lehrcare.de\/www\/delivery\/asyncjs.php\"><\/script>\n\t\t\t\t<\/div>\n\t\t\t\t<style type=\"text\/css\">\n\t\t\t\t\t#vertical-skyscraper-banner {\n\t\t\t\t\t    display: none!important;\n\t\t\t\t\t}\n\t\t\t\t\t@media screen and (min-width: 1580px) {\n\t\t\t\t\t\t#vertical-skyscraper-banner {\n\t\t\t\t\t\t       display: block!important;\n    position: absolute;\n    top: 110px;\n    transform: translateX(652px);\n    z-index: 100;\n    left: 50%;\n\t\t\t\t\t\t}\n\t\t\t\t\t}\n\t\t\t\t<\/style>\t\t\t\t<\/div>\n\t\t\t\t<\/div>\n\t\t\t\t\t<\/div>\n\t\t<\/div>\n\t\t\t\t\t<\/div>\n\t\t<\/section>\n\t\t\t\t<section class=\"elementor-section elementor-top-section elementor-element elementor-element-cfe74f5 elementor-section-boxed elementor-section-height-default elementor-section-height-default\" data-id=\"cfe74f5\" data-element_type=\"section\">\n\t\t\t\t\t\t<div class=\"elementor-container elementor-column-gap-default\">\n\t\t\t\t\t<div class=\"elementor-column elementor-col-100 elementor-top-column elementor-element elementor-element-572aca28\" data-id=\"572aca28\" data-element_type=\"column\">\n\t\t\t<div class=\"elementor-widget-wrap elementor-element-populated\">\n\t\t\t\t\t\t<section class=\"elementor-section elementor-inner-section elementor-element elementor-element-47ab549 elementor-section-boxed elementor-section-height-default elementor-section-height-default\" data-id=\"47ab549\" data-element_type=\"section\">\n\t\t\t\t\t\t<div class=\"elementor-container elementor-column-gap-default\">\n\t\t\t\t\t<div class=\"elementor-column elementor-col-50 elementor-inner-column elementor-element elementor-element-09b6f08\" data-id=\"09b6f08\" data-element_type=\"column\">\n\t\t\t<div class=\"elementor-widget-wrap elementor-element-populated\">\n\t\t\t\t\t\t<div class=\"elementor-element elementor-element-eeb29d4 elementor-widget elementor-widget-image\" data-id=\"eeb29d4\" data-element_type=\"widget\" data-widget_type=\"image.default\">\n\t\t\t\t<div class=\"elementor-widget-container\">\n\t\t\t\t\t\t\t\t\t\t\t\t\t\t\t<img decoding=\"async\" width=\"200\" height=\"68\" src=\"https:\/\/www.lehrcare.de\/wp-content\/uploads\/2022\/12\/4teachers_logo-e1675256358681.gif\" class=\"attachment-large size-large wp-image-3489\" alt=\"\" \/>\t\t\t\t\t\t\t\t\t\t\t\t\t\t\t<\/div>\n\t\t\t\t<\/div>\n\t\t\t\t<div class=\"elementor-element elementor-element-7d7fc93 elementor-widget elementor-widget-heading\" data-id=\"7d7fc93\" data-element_type=\"widget\" data-widget_type=\"heading.default\">\n\t\t\t\t<div class=\"elementor-widget-container\">\n\t\t\t\t\t<h3 class=\"elementor-heading-title elementor-size-default\">4teachers\n<\/h3>\t\t\t\t<\/div>\n\t\t\t\t<\/div>\n\t\t\t\t<div class=\"elementor-element elementor-element-c0914ea elementor-widget elementor-widget-text-editor\" data-id=\"c0914ea\" data-element_type=\"widget\" data-widget_type=\"text-editor.default\">\n\t\t\t\t<div class=\"elementor-widget-container\">\n\t\t\t\t\t\t\t\t\t<p>The largest internet community for teachers in the German-speaking world was founded in 2002 and now has over 1 million members. The focus of the community is the free exchange of experiences, ideas and teaching materials. The offer is rounded off by a webstore (shop.4teachers.de) and daily news from the world of education and science (news4teachers.de).<\/p>\t\t\t\t\t\t\t\t<\/div>\n\t\t\t\t<\/div>\n\t\t\t\t<div class=\"elementor-element elementor-element-6fd961a elementor-align-center elementor-widget elementor-widget-button\" data-id=\"6fd961a\" data-element_type=\"widget\" data-widget_type=\"button.default\">\n\t\t\t\t<div class=\"elementor-widget-container\">\n\t\t\t\t\t\t\t\t\t<div class=\"elementor-button-wrapper\">\n\t\t\t\t\t<a class=\"elementor-button elementor-button-link elementor-size-sm\" href=\"http:\/\/www.4teachers.de\">\n\t\t\t\t\t\t<span class=\"elementor-button-content-wrapper\">\n\t\t\t\t\t\t\t\t\t<span class=\"elementor-button-text\">www.4teachers.de<\/span>\n\t\t\t\t\t<\/span>\n\t\t\t\t\t<\/a>\n\t\t\t\t<\/div>\n\t\t\t\t\t\t\t\t<\/div>\n\t\t\t\t<\/div>\n\t\t\t\t\t<\/div>\n\t\t<\/div>\n\t\t\t\t<div class=\"elementor-column elementor-col-50 elementor-inner-column elementor-element elementor-element-fc74710\" data-id=\"fc74710\" data-element_type=\"column\">\n\t\t\t<div class=\"elementor-widget-wrap elementor-element-populated\">\n\t\t\t\t\t\t<div class=\"elementor-element elementor-element-5c618a7 elementor-widget elementor-widget-image\" data-id=\"5c618a7\" data-element_type=\"widget\" data-widget_type=\"image.default\">\n\t\t\t\t<div class=\"elementor-widget-container\">\n\t\t\t\t\t\t\t\t\t\t\t\t\t\t\t<img decoding=\"async\" width=\"200\" height=\"74\" src=\"https:\/\/www.lehrcare.de\/wp-content\/uploads\/2022\/12\/deutscher-lehrkraeftepreis.jpg\" class=\"attachment-large size-large wp-image-3494\" alt=\"\" \/>\t\t\t\t\t\t\t\t\t\t\t\t\t\t\t<\/div>\n\t\t\t\t<\/div>\n\t\t\t\t<div class=\"elementor-element elementor-element-504685e elementor-widget elementor-widget-heading\" data-id=\"504685e\" data-element_type=\"widget\" data-widget_type=\"heading.default\">\n\t\t\t\t<div class=\"elementor-widget-container\">\n\t\t\t\t\t<h3 class=\"elementor-heading-title elementor-size-default\">Deutscher Lehrkr\u00e4ftepreis\n<\/h3>\t\t\t\t<\/div>\n\t\t\t\t<\/div>\n\t\t\t\t<div class=\"elementor-element elementor-element-982c192 elementor-widget elementor-widget-text-editor\" data-id=\"982c192\" data-element_type=\"widget\" data-widget_type=\"text-editor.default\">\n\t\t\t\t<div class=\"elementor-widget-container\">\n\t\t\t\t\t\t\t\t\t<p>The competition \"Deutscher Lehrkr\u00e4ftepreis - Unterricht innovativ\" (German Teachers' Award - Innovative Teaching) aims to increase public appreciation as well as the image of the teaching profession and the work of school principals as well as to provide effective impulses for improving teaching at schools. The prize is aimed at students who can nominate their teachers, at teachers themselves who can submit their teaching concepts and at colleges who can nominate their school principals. The prizes are awarded in three categories: \"Excellent Teachers\", \"Innovative Teaching\" and \"Exemplary School Administration\". The sponsors of the nationwide, annual competition are the German Philologists' Association and the Heraeus Education Foundation.<\/p>\t\t\t\t\t\t\t\t<\/div>\n\t\t\t\t<\/div>\n\t\t\t\t<div class=\"elementor-element elementor-element-5358733 elementor-align-center elementor-widget elementor-widget-button\" data-id=\"5358733\" data-element_type=\"widget\" data-widget_type=\"button.default\">\n\t\t\t\t<div class=\"elementor-widget-container\">\n\t\t\t\t\t\t\t\t\t<div class=\"elementor-button-wrapper\">\n\t\t\t\t\t<a class=\"elementor-button elementor-button-link elementor-size-sm\" href=\"http:\/\/lehrkraeftepreis.de\">\n\t\t\t\t\t\t<span class=\"elementor-button-content-wrapper\">\n\t\t\t\t\t\t\t\t\t<span class=\"elementor-button-text\">www.lehrkraeftepreis.de<\/span>\n\t\t\t\t\t<\/span>\n\t\t\t\t\t<\/a>\n\t\t\t\t<\/div>\n\t\t\t\t\t\t\t\t<\/div>\n\t\t\t\t<\/div>\n\t\t\t\t\t<\/div>\n\t\t<\/div>\n\t\t\t\t\t<\/div>\n\t\t<\/section>\n\t\t\t\t<section class=\"elementor-section elementor-inner-section elementor-element elementor-element-58d2a77 elementor-section-boxed elementor-section-height-default elementor-section-height-default\" data-id=\"58d2a77\" data-element_type=\"section\">\n\t\t\t\t\t\t<div class=\"elementor-container elementor-column-gap-default\">\n\t\t\t\t\t<div class=\"elementor-column elementor-col-100 elementor-inner-column elementor-element elementor-element-9778b20\" data-id=\"9778b20\" data-element_type=\"column\">\n\t\t\t<div class=\"elementor-widget-wrap elementor-element-populated\">\n\t\t\t\t\t\t<div class=\"elementor-element elementor-element-382aaf4 elementor-widget elementor-widget-image\" data-id=\"382aaf4\" data-element_type=\"widget\" data-widget_type=\"image.default\">\n\t\t\t\t<div class=\"elementor-widget-container\">\n\t\t\t\t\t\t\t\t\t\t\t\t\t\t\t<img decoding=\"async\" width=\"272\" height=\"90\" src=\"https:\/\/www.lehrcare.de\/wp-content\/uploads\/2023\/02\/grafik.png\" class=\"attachment-large size-large wp-image-15517\" alt=\"\" srcset=\"https:\/\/www.lehrcare.de\/wp-content\/uploads\/2023\/02\/grafik.png 272w, https:\/\/www.lehrcare.de\/wp-content\/uploads\/2023\/02\/grafik-18x6.png 18w\" sizes=\"(max-width: 272px) 100vw, 272px\" \/>\t\t\t\t\t\t\t\t\t\t\t\t\t\t\t<\/div>\n\t\t\t\t<\/div>\n\t\t\t\t<div class=\"elementor-element elementor-element-f451fab elementor-widget elementor-widget-heading\" data-id=\"f451fab\" data-element_type=\"widget\" data-widget_type=\"heading.default\">\n\t\t\t\t<div class=\"elementor-widget-container\">\n\t\t\t\t\t<h3 class=\"elementor-heading-title elementor-size-default\">News4teachers.de<\/h3>\t\t\t\t<\/div>\n\t\t\t\t<\/div>\n\t\t\t\t<div class=\"elementor-element elementor-element-1d40a9a elementor-widget elementor-widget-text-editor\" data-id=\"1d40a9a\" data-element_type=\"widget\" data-widget_type=\"text-editor.default\">\n\t\t\t\t<div class=\"elementor-widget-container\">\n\t\t\t\t\t\t\t\t\t<p>News4teachers is a news and discussion site with serious reporting, analysis and commentary aimed at educational professionals and the public interested in educational issues. The editorial team examines news from politics, research and society on a daily basis. Everything that is important for education finds its way onto the site. News4teachers thus offers an up-to-date overview of relevant information for teachers, educators, pupils and parents. Most importantly, it is also independent and non-partisan.<\/p>\t\t\t\t\t\t\t\t<\/div>\n\t\t\t\t<\/div>\n\t\t\t\t<div class=\"elementor-element elementor-element-c8a2be4 elementor-align-center elementor-widget elementor-widget-button\" data-id=\"c8a2be4\" data-element_type=\"widget\" data-widget_type=\"button.default\">\n\t\t\t\t<div class=\"elementor-widget-container\">\n\t\t\t\t\t\t\t\t\t<div class=\"elementor-button-wrapper\">\n\t\t\t\t\t<a class=\"elementor-button elementor-button-link elementor-size-sm\" href=\"http:\/\/www.news4teachers.de\">\n\t\t\t\t\t\t<span class=\"elementor-button-content-wrapper\">\n\t\t\t\t\t\t\t\t\t<span class=\"elementor-button-text\">www.news4teachers.de<\/span>\n\t\t\t\t\t<\/span>\n\t\t\t\t\t<\/a>\n\t\t\t\t<\/div>\n\t\t\t\t\t\t\t\t<\/div>\n\t\t\t\t<\/div>\n\t\t\t\t\t<\/div>\n\t\t<\/div>\n\t\t\t\t\t<\/div>\n\t\t<\/section>\n\t\t\t\t<section class=\"elementor-section elementor-inner-section elementor-element elementor-element-8705b37 elementor-section-boxed elementor-section-height-default elementor-section-height-default\" data-id=\"8705b37\" data-element_type=\"section\">\n\t\t\t\t\t\t<div class=\"elementor-container elementor-column-gap-default\">\n\t\t\t\t\t<div class=\"elementor-column elementor-col-100 elementor-inner-column elementor-element elementor-element-f9e07d9\" data-id=\"f9e07d9\" data-element_type=\"column\">\n\t\t\t<div class=\"elementor-widget-wrap\">\n\t\t\t\t\t\t\t<\/div>\n\t\t<\/div>\n\t\t\t\t\t<\/div>\n\t\t<\/section>\n\t\t\t\t\t<\/div>\n\t\t<\/div>\n\t\t\t\t\t<\/div>\n\t\t<\/section>\n\t\t\t\t<\/div>","protected":false},"excerpt":{"rendered":"<p>Unsere Partner LehrCare kooperiert seit Jahren erfolgreich mit verschiedenen Unternehmen, Vereinen und Initiativen und ist Mitglied in verschiedenen Verb\u00e4nden. Sind auch Sie an einem gemeinsamen Engagement interessiert? Dann nehmen Sie zu uns Kontakt auf! Kontakt 4teachers Die gr\u00f6\u00dfte Internetcommunity f\u00fcr Lehrerinnen und Lehrer im deutschsprachigen Raum wurde im Jahr 2002 gegr\u00fcndet und z\u00e4hlt mittlerweile \u00fcber [&hellip;]<\/p>","protected":false},"author":9,"featured_media":0,"parent":0,"menu_order":0,"comment_status":"closed","ping_status":"closed","template":"elementor_theme","meta":{"footnotes":""},"class_list":["post-2456","page","type-page","status-publish","hentry"],"aioseo_notices":[],"publishpress_future_action":{"enabled":false,"date":"2026-04-20 01:01:20","action":"change-status","newStatus":"draft","terms":[],"taxonomy":"","extraData":[]},"publishpress_future_workflow_manual_trigger":{"enabledWorkflows":[]},"_links":{"self":[{"href":"https:\/\/www.lehrcare.de\/en\/wp-json\/wp\/v2\/pages\/2456","targetHints":{"allow":["GET"]}}],"collection":[{"href":"https:\/\/www.lehrcare.de\/en\/wp-json\/wp\/v2\/pages"}],"about":[{"href":"https:\/\/www.lehrcare.de\/en\/wp-json\/wp\/v2\/types\/page"}],"author":[{"embeddable":true,"href":"https:\/\/www.lehrcare.de\/en\/wp-json\/wp\/v2\/users\/9"}],"replies":[{"embeddable":true,"href":"https:\/\/www.lehrcare.de\/en\/wp-json\/wp\/v2\/comments?post=2456"}],"version-history":[{"count":130,"href":"https:\/\/www.lehrcare.de\/en\/wp-json\/wp\/v2\/pages\/2456\/revisions"}],"predecessor-version":[{"id":1071754,"href":"https:\/\/www.lehrcare.de\/en\/wp-json\/wp\/v2\/pages\/2456\/revisions\/1071754"}],"wp:attachment":[{"href":"https:\/\/www.lehrcare.de\/en\/wp-json\/wp\/v2\/media?parent=2456"}],"curies":[{"name":"wp","href":"https:\/\/api.w.org\/{rel}","templated":true}]}}