{"id":16030,"date":"2023-03-01T14:19:57","date_gmt":"2023-03-01T13:19:57","guid":{"rendered":"https:\/\/www.lehrcare.de\/?page_id=16030"},"modified":"2023-08-14T21:45:38","modified_gmt":"2023-08-14T20:45:38","slug":"success","status":"publish","type":"page","link":"https:\/\/www.lehrcare.de\/en\/register\/success\/","title":{"rendered":"Registrierung Erfolgreich"},"content":{"rendered":"<div data-elementor-type=\"wp-page\" data-elementor-id=\"16030\" class=\"elementor elementor-16030\" data-elementor-post-type=\"page\">\n\t\t\t\t\t\t<section class=\"elementor-section elementor-top-section elementor-element elementor-element-4ab6c06 elementor-section-boxed elementor-section-height-default elementor-section-height-default\" data-id=\"4ab6c06\" data-element_type=\"section\">\n\t\t\t\t\t\t<div class=\"elementor-container elementor-column-gap-default\">\n\t\t\t\t\t<div class=\"elementor-column elementor-col-100 elementor-top-column elementor-element elementor-element-a701ff4\" data-id=\"a701ff4\" data-element_type=\"column\">\n\t\t\t<div class=\"elementor-widget-wrap elementor-element-populated\">\n\t\t\t\t\t\t<div class=\"elementor-element elementor-element-8e5714c elementor-widget elementor-widget-heading\" data-id=\"8e5714c\" data-element_type=\"widget\" data-widget_type=\"heading.default\">\n\t\t\t\t<div class=\"elementor-widget-container\">\n\t\t\t\t\t<h1 class=\"elementor-heading-title elementor-size-default\">Thank you very much!<\/h1>\t\t\t\t<\/div>\n\t\t\t\t<\/div>\n\t\t\t\t<div class=\"elementor-element elementor-element-3d898a2 elementor-widget elementor-widget-heading\" data-id=\"3d898a2\" data-element_type=\"widget\" data-widget_type=\"heading.default\">\n\t\t\t\t<div class=\"elementor-widget-container\">\n\t\t\t\t\t<h3 class=\"elementor-heading-title elementor-size-default\">Your registration was successful.<\/h3>\t\t\t\t<\/div>\n\t\t\t\t<\/div>\n\t\t\t\t<div class=\"elementor-element elementor-element-bf4f4e5 elementor-widget elementor-widget-text-editor\" data-id=\"bf4f4e5\" data-element_type=\"widget\" data-widget_type=\"text-editor.default\">\n\t\t\t\t<div class=\"elementor-widget-container\">\n\t\t\t\t\t\t\t\t\t<p>We will send you suitable job offers to the registered e-mail as soon as possible. Until then, you can search for vacancies yourself on our job market.\n<br>\nYour LehrCare-Team<\/p><p>Your LehrCare-Team<\/p>\t\t\t\t\t\t\t\t<\/div>\n\t\t\t\t<\/div>\n\t\t\t\t\t<\/div>\n\t\t<\/div>\n\t\t\t\t\t<\/div>\n\t\t<\/section>\n\t\t\t\t<section class=\"elementor-section elementor-top-section elementor-element elementor-element-88e2ed4 elementor-section-boxed elementor-section-height-default elementor-section-height-default\" data-id=\"88e2ed4\" data-element_type=\"section\">\n\t\t\t\t\t\t<div class=\"elementor-container elementor-column-gap-custom\">\n\t\t\t\t\t<div class=\"elementor-column elementor-col-100 elementor-top-column elementor-element elementor-element-fee9a28\" data-id=\"fee9a28\" data-element_type=\"column\">\n\t\t\t<div class=\"elementor-widget-wrap elementor-element-populated\">\n\t\t\t\t\t\t<div class=\"elementor-element elementor-element-597d6aa elementor-widget elementor-widget-image\" data-id=\"597d6aa\" data-element_type=\"widget\" data-widget_type=\"image.default\">\n\t\t\t\t<div class=\"elementor-widget-container\">\n\t\t\t\t\t\t\t\t\t\t\t\t\t\t\t<img fetchpriority=\"high\" decoding=\"async\" width=\"800\" height=\"408\" src=\"https:\/\/www.lehrcare.de\/wp-content\/uploads\/2023\/06\/Englisch-Jobmarket.png\" class=\"attachment-large size-large wp-image-16130\" alt=\"\" srcset=\"https:\/\/www.lehrcare.de\/wp-content\/uploads\/2023\/06\/Englisch-Jobmarket.png 3082w, https:\/\/www.lehrcare.de\/wp-content\/uploads\/2023\/06\/Englisch-Jobmarket-300x152.png 300w, https:\/\/www.lehrcare.de\/wp-content\/uploads\/2023\/06\/Englisch-Jobmarket-1024x519.png 1024w, https:\/\/www.lehrcare.de\/wp-content\/uploads\/2023\/06\/Englisch-Jobmarket-768x389.png 768w, https:\/\/www.lehrcare.de\/wp-content\/uploads\/2023\/06\/Englisch-Jobmarket-1536x778.png 1536w, https:\/\/www.lehrcare.de\/wp-content\/uploads\/2023\/06\/Englisch-Jobmarket-2048x1037.png 2048w, https:\/\/www.lehrcare.de\/wp-content\/uploads\/2023\/06\/Englisch-Jobmarket-18x9.png 18w\" sizes=\"(max-width: 800px) 100vw, 800px\" \/>\t\t\t\t\t\t\t\t\t\t\t\t\t\t\t<\/div>\n\t\t\t\t<\/div>\n\t\t\t\t<div class=\"elementor-element elementor-element-bfeea53 elementor-align-center elementor-widget elementor-widget-button\" data-id=\"bfeea53\" data-element_type=\"widget\" data-widget_type=\"button.default\">\n\t\t\t\t<div class=\"elementor-widget-container\">\n\t\t\t\t\t\t\t\t\t<div class=\"elementor-button-wrapper\">\n\t\t\t\t\t<a class=\"elementor-button elementor-button-link elementor-size-xs\" href=\"https:\/\/www.lehrcare.de\/en\/job-market\/\">\n\t\t\t\t\t\t<span class=\"elementor-button-content-wrapper\">\n\t\t\t\t\t\t\t\t\t<span class=\"elementor-button-text\">Job Market<\/span>\n\t\t\t\t\t<\/span>\n\t\t\t\t\t<\/a>\n\t\t\t\t<\/div>\n\t\t\t\t\t\t\t\t<\/div>\n\t\t\t\t<\/div>\n\t\t\t\t<div class=\"elementor-element elementor-element-a7e8138 elementor-widget elementor-widget-spacer\" data-id=\"a7e8138\" data-element_type=\"widget\" data-widget_type=\"spacer.default\">\n\t\t\t\t<div class=\"elementor-widget-container\">\n\t\t\t\t\t\t\t<div class=\"elementor-spacer\">\n\t\t\t<div class=\"elementor-spacer-inner\"><\/div>\n\t\t<\/div>\n\t\t\t\t\t\t<\/div>\n\t\t\t\t<\/div>\n\t\t\t\t\t<\/div>\n\t\t<\/div>\n\t\t\t\t\t<\/div>\n\t\t<\/section>\n\t\t\t\t<section class=\"elementor-section elementor-top-section elementor-element elementor-element-5f03d01 elementor-section-boxed elementor-section-height-default elementor-section-height-default\" data-id=\"5f03d01\" data-element_type=\"section\">\n\t\t\t\t\t\t<div class=\"elementor-container elementor-column-gap-custom\">\n\t\t\t\t\t<div class=\"elementor-column elementor-col-100 elementor-top-column elementor-element elementor-element-37caf26 display-none-en\" data-id=\"37caf26\" data-element_type=\"column\">\n\t\t\t<div class=\"elementor-widget-wrap elementor-element-populated\">\n\t\t\t\t\t\t<div class=\"elementor-element elementor-element-8eb97a3 elementor-widget elementor-widget-image\" data-id=\"8eb97a3\" data-element_type=\"widget\" data-widget_type=\"image.default\">\n\t\t\t\t<div class=\"elementor-widget-container\">\n\t\t\t\t\t\t\t\t\t\t\t\t\t\t\t<img decoding=\"async\" width=\"800\" height=\"445\" src=\"https:\/\/www.lehrcare.de\/wp-content\/uploads\/2023\/03\/Magazin-Vorschau-1024x569.png\" class=\"attachment-large size-large wp-image-16131\" alt=\"\" srcset=\"https:\/\/www.lehrcare.de\/wp-content\/uploads\/2023\/03\/Magazin-Vorschau-1024x569.png 1024w, https:\/\/www.lehrcare.de\/wp-content\/uploads\/2023\/03\/Magazin-Vorschau-300x167.png 300w, https:\/\/www.lehrcare.de\/wp-content\/uploads\/2023\/03\/Magazin-Vorschau-768x427.png 768w, https:\/\/www.lehrcare.de\/wp-content\/uploads\/2023\/03\/Magazin-Vorschau-1536x853.png 1536w, https:\/\/www.lehrcare.de\/wp-content\/uploads\/2023\/03\/Magazin-Vorschau-2048x1138.png 2048w, https:\/\/www.lehrcare.de\/wp-content\/uploads\/2023\/03\/Magazin-Vorschau-18x10.png 18w\" sizes=\"(max-width: 800px) 100vw, 800px\" \/>\t\t\t\t\t\t\t\t\t\t\t\t\t\t\t<\/div>\n\t\t\t\t<\/div>\n\t\t\t\t<div class=\"elementor-element elementor-element-f05b889 elementor-align-center elementor-widget elementor-widget-button\" data-id=\"f05b889\" data-element_type=\"widget\" data-widget_type=\"button.default\">\n\t\t\t\t<div class=\"elementor-widget-container\">\n\t\t\t\t\t\t\t\t\t<div class=\"elementor-button-wrapper\">\n\t\t\t\t\t<a class=\"elementor-button elementor-button-link elementor-size-xs\" href=\"https:\/\/www.lehrcare.de\/en\/lehrcare-magazin\/\">\n\t\t\t\t\t\t<span class=\"elementor-button-content-wrapper\">\n\t\t\t\t\t\t\t\t\t<span class=\"elementor-button-text\">LehrCare Blog<\/span>\n\t\t\t\t\t<\/span>\n\t\t\t\t\t<\/a>\n\t\t\t\t<\/div>\n\t\t\t\t\t\t\t\t<\/div>\n\t\t\t\t<\/div>\n\t\t\t\t<div class=\"elementor-element elementor-element-c1e1497 elementor-widget elementor-widget-spacer\" data-id=\"c1e1497\" data-element_type=\"widget\" data-widget_type=\"spacer.default\">\n\t\t\t\t<div class=\"elementor-widget-container\">\n\t\t\t\t\t\t\t<div class=\"elementor-spacer\">\n\t\t\t<div class=\"elementor-spacer-inner\"><\/div>\n\t\t<\/div>\n\t\t\t\t\t\t<\/div>\n\t\t\t\t<\/div>\n\t\t\t\t\t<\/div>\n\t\t<\/div>\n\t\t\t\t\t<\/div>\n\t\t<\/section>\n\t\t\t\t<\/div>","protected":false},"excerpt":{"rendered":"<p>Vielen Dank! Die Registrierung war erfolgreich. Wir werden Ihnen schnellstm\u00f6glich passende Stellenangebote and die registrierte E-Mail zusenden. Bis dahin k\u00f6nnen Sie selbst auf dem Stellenmarkt nach Angeboten suchen oder Sie st\u00f6bern in unserem LehrCare-Magazin, in welchem wir Beitr\u00e4ge rund um das Thema des privaten Bildungsmarktes ver\u00f6ffentlichen! Ihr LehrCare-Team Stellenmarkt LehrCare-Magazin<\/p>","protected":false},"author":9,"featured_media":0,"parent":15825,"menu_order":0,"comment_status":"closed","ping_status":"closed","template":"elementor_theme","meta":{"footnotes":""},"class_list":["post-16030","page","type-page","status-publish","hentry"],"aioseo_notices":[],"publishpress_future_action":{"enabled":false,"date":"2026-05-11 08:53:06","action":"change-status","newStatus":"draft","terms":[],"taxonomy":"","extraData":[]},"publishpress_future_workflow_manual_trigger":{"enabledWorkflows":[]},"_links":{"self":[{"href":"https:\/\/www.lehrcare.de\/en\/wp-json\/wp\/v2\/pages\/16030","targetHints":{"allow":["GET"]}}],"collection":[{"href":"https:\/\/www.lehrcare.de\/en\/wp-json\/wp\/v2\/pages"}],"about":[{"href":"https:\/\/www.lehrcare.de\/en\/wp-json\/wp\/v2\/types\/page"}],"author":[{"embeddable":true,"href":"https:\/\/www.lehrcare.de\/en\/wp-json\/wp\/v2\/users\/9"}],"replies":[{"embeddable":true,"href":"https:\/\/www.lehrcare.de\/en\/wp-json\/wp\/v2\/comments?post=16030"}],"version-history":[{"count":64,"href":"https:\/\/www.lehrcare.de\/en\/wp-json\/wp\/v2\/pages\/16030\/revisions"}],"predecessor-version":[{"id":139893,"href":"https:\/\/www.lehrcare.de\/en\/wp-json\/wp\/v2\/pages\/16030\/revisions\/139893"}],"up":[{"embeddable":true,"href":"https:\/\/www.lehrcare.de\/en\/wp-json\/wp\/v2\/pages\/15825"}],"wp:attachment":[{"href":"https:\/\/www.lehrcare.de\/en\/wp-json\/wp\/v2\/media?parent=16030"}],"curies":[{"name":"wp","href":"https:\/\/api.w.org\/{rel}","templated":true}]}}